{"id":573,"date":"2025-02-24T09:14:45","date_gmt":"2025-02-24T09:14:45","guid":{"rendered":"https:\/\/lapipafilms.com\/?page_id=573"},"modified":"2025-03-02T09:17:55","modified_gmt":"2025-03-02T09:17:55","slug":"en-el-delirio","status":"publish","type":"page","link":"https:\/\/lapipafilms.com\/index.php\/en-el-delirio\/","title":{"rendered":"EN EL DELIRIO"},"content":{"rendered":"\t\t<div data-elementor-type=\"wp-page\" data-elementor-id=\"573\" class=\"elementor elementor-573\">\n\t\t\t\t<div class=\"elementor-element elementor-element-f4432b0 e-flex e-con-boxed e-con e-parent\" data-id=\"f4432b0\" data-element_type=\"container\" data-e-type=\"container\">\n\t\t\t\t\t<div class=\"e-con-inner\">\n\t\t<div class=\"elementor-element elementor-element-9598907 e-con-full e-flex e-con e-child\" data-id=\"9598907\" data-element_type=\"container\" data-e-type=\"container\">\n\t\t\t\t<div class=\"elementor-element elementor-element-ae3ecd8 elementor-widget elementor-widget-text-editor\" data-id=\"ae3ecd8\" data-element_type=\"widget\" data-e-type=\"widget\" data-widget_type=\"text-editor.default\">\n\t\t\t\t<div class=\"elementor-widget-container\">\n\t\t\t\t\t\t\t\t\t<p><span style=\"font-weight: 400;\">Guion y Direcci\u00f3n: <strong>Carlos Soler S\u00e1nchez\u00a0<\/strong><\/span><\/p><p><span style=\"font-weight: 400;\">G\u00e9nero: <strong>Drama<\/strong><\/span><\/p><p><span style=\"font-weight: 400;\">Formato: <strong>Cortometraje<\/strong><\/span><\/p><p><span style=\"font-weight: 400;\">Duraci\u00f3n: <\/span>12&#8242;<\/p><p><span style=\"font-weight: 400;\">Idioma: <strong>Espa\u00f1ol<\/strong><\/span><\/p><p><span style=\"font-weight: 400;\">Pa\u00eds: <strong>Espa\u00f1a<\/strong><\/span><\/p><p><span style=\"font-weight: 400;\">A\u00f1o: <strong>2025<\/strong><\/span><\/p><p><span style=\"font-weight: 400;\">Producci\u00f3n: <strong>LAPIPA<\/strong><\/span><\/p><p><span style=\"font-weight: 400;\">Distribuci\u00f3n: <strong>2025<\/strong><\/span><\/p>\t\t\t\t\t\t\t\t<\/div>\n\t\t\t\t<\/div>\n\t\t\t\t<\/div>\n\t\t<div class=\"elementor-element elementor-element-f10e732 e-con-full e-flex e-con e-child\" data-id=\"f10e732\" data-element_type=\"container\" data-e-type=\"container\">\n\t\t\t\t<div class=\"elementor-element elementor-element-8d4f6fc elementor-widget elementor-widget-image\" data-id=\"8d4f6fc\" data-element_type=\"widget\" data-e-type=\"widget\" data-widget_type=\"image.default\">\n\t\t\t\t<div class=\"elementor-widget-container\">\n\t\t\t\t\t\t\t\t\t\t\t\t\t\t\t<img fetchpriority=\"high\" decoding=\"async\" width=\"724\" height=\"1024\" src=\"https:\/\/lapipafilms.com\/wp-content\/uploads\/2025\/02\/Cartel_Final-724x1024.png\" class=\"attachment-large size-large wp-image-574\" alt=\"\" srcset=\"https:\/\/lapipafilms.com\/wp-content\/uploads\/2025\/02\/Cartel_Final-724x1024.png 724w, https:\/\/lapipafilms.com\/wp-content\/uploads\/2025\/02\/Cartel_Final-212x300.png 212w, https:\/\/lapipafilms.com\/wp-content\/uploads\/2025\/02\/Cartel_Final-768x1086.png 768w, https:\/\/lapipafilms.com\/wp-content\/uploads\/2025\/02\/Cartel_Final-1087x1536.png 1087w, https:\/\/lapipafilms.com\/wp-content\/uploads\/2025\/02\/Cartel_Final.png 1175w\" sizes=\"(max-width: 724px) 100vw, 724px\" \/>\t\t\t\t\t\t\t\t\t\t\t\t\t\t\t<\/div>\n\t\t\t\t<\/div>\n\t\t\t\t<\/div>\n\t\t\t\t\t<\/div>\n\t\t\t\t<\/div>\n\t\t<div class=\"elementor-element elementor-element-8a4089b e-flex e-con-boxed e-con e-parent\" data-id=\"8a4089b\" data-element_type=\"container\" data-e-type=\"container\">\n\t\t\t\t\t<div class=\"e-con-inner\">\n\t\t\t\t<div class=\"elementor-element elementor-element-5491ca0 elementor-widget elementor-widget-heading\" data-id=\"5491ca0\" data-element_type=\"widget\" data-e-type=\"widget\" data-widget_type=\"heading.default\">\n\t\t\t\t<div class=\"elementor-widget-container\">\n\t\t\t\t\t<h2 class=\"elementor-heading-title elementor-size-default\">Marcos, un joven de 24 a\u00f1os, desea revisitar una relaci\u00f3n de su pasado por la que ten\u00eda mucha \ndependecia. Su amigo Adri\u00e1n y, en especial Raquel, har\u00e1n lo posible por convencerle de lo contrario.\n<\/h2>\t\t\t\t<\/div>\n\t\t\t\t<\/div>\n\t\t\t\t\t<\/div>\n\t\t\t\t<\/div>\n\t\t<header class=\"elementor-element elementor-element-09faa6c clearHeader e-flex e-con-boxed e-con e-parent\" data-id=\"09faa6c\" data-element_type=\"container\" data-e-type=\"container\" data-settings=\"{&quot;background_background&quot;:&quot;classic&quot;}\">\n\t\t\t\t\t<div class=\"e-con-inner\">\n\t\t<div class=\"elementor-element elementor-element-67cdf89 e-con-full e-flex e-con e-child\" data-id=\"67cdf89\" data-element_type=\"container\" data-e-type=\"container\">\n\t\t\t\t<div class=\"elementor-element elementor-element-b18ce3b elementor-widget elementor-widget-image\" data-id=\"b18ce3b\" data-element_type=\"widget\" data-e-type=\"widget\" data-widget_type=\"image.default\">\n\t\t\t\t<div class=\"elementor-widget-container\">\n\t\t\t\t\t\t\t\t\t\t\t\t\t\t\t\t<a href=\"https:\/\/lapipafilms.com\/\">\n\t\t\t\t\t\t\t<img decoding=\"async\" width=\"800\" height=\"491\" src=\"https:\/\/lapipafilms.com\/wp-content\/uploads\/2024\/11\/LOGOFINAL-1024x629.png\" class=\"attachment-large size-large wp-image-79\" alt=\"\" srcset=\"https:\/\/lapipafilms.com\/wp-content\/uploads\/2024\/11\/LOGOFINAL-1024x629.png 1024w, https:\/\/lapipafilms.com\/wp-content\/uploads\/2024\/11\/LOGOFINAL-300x184.png 300w, https:\/\/lapipafilms.com\/wp-content\/uploads\/2024\/11\/LOGOFINAL-768x471.png 768w, https:\/\/lapipafilms.com\/wp-content\/uploads\/2024\/11\/LOGOFINAL-1536x943.png 1536w, https:\/\/lapipafilms.com\/wp-content\/uploads\/2024\/11\/LOGOFINAL-2048x1257.png 2048w\" sizes=\"(max-width: 800px) 100vw, 800px\" \/>\t\t\t\t\t\t\t\t<\/a>\n\t\t\t\t\t\t\t\t\t\t\t\t\t\t\t<\/div>\n\t\t\t\t<\/div>\n\t\t\t\t<\/div>\n\t\t<div class=\"elementor-element elementor-element-1642038 e-con-full e-flex e-con e-child\" data-id=\"1642038\" data-element_type=\"container\" data-e-type=\"container\">\n\t\t\t\t<div class=\"elementor-element elementor-element-67cebd8 elementor-icon-list--layout-inline elementor-align-end elementor-list-item-link-full_width elementor-widget elementor-widget-icon-list\" data-id=\"67cebd8\" data-element_type=\"widget\" data-e-type=\"widget\" data-widget_type=\"icon-list.default\">\n\t\t\t\t<div class=\"elementor-widget-container\">\n\t\t\t\t\t\t\t<ul class=\"elementor-icon-list-items elementor-inline-items\">\n\t\t\t\t\t\t\t<li class=\"elementor-icon-list-item elementor-inline-item\">\n\t\t\t\t\t\t\t\t\t\t\t<a href=\"https:\/\/lapipafilms.com\/index.php\/portfolio\/#\">\n\n\t\t\t\t\t\t\t\t\t\t\t<span class=\"elementor-icon-list-text\">Cartelera<\/span>\n\t\t\t\t\t\t\t\t\t\t\t<\/a>\n\t\t\t\t\t\t\t\t\t<\/li>\n\t\t\t\t\t\t\t\t<li class=\"elementor-icon-list-item elementor-inline-item\">\n\t\t\t\t\t\t\t\t\t\t\t<a href=\"https:\/\/lapipafilms.com\/index.php\/portfolio\/#\">\n\n\t\t\t\t\t\t\t\t\t\t\t<span class=\"elementor-icon-list-text\">About us<\/span>\n\t\t\t\t\t\t\t\t\t\t\t<\/a>\n\t\t\t\t\t\t\t\t\t<\/li>\n\t\t\t\t\t\t\t\t<li class=\"elementor-icon-list-item elementor-inline-item\">\n\t\t\t\t\t\t\t\t\t\t\t<a href=\"#\">\n\n\t\t\t\t\t\t\t\t\t\t\t<span class=\"elementor-icon-list-text\">Contacto<\/span>\n\t\t\t\t\t\t\t\t\t\t\t<\/a>\n\t\t\t\t\t\t\t\t\t<\/li>\n\t\t\t\t\t\t\t\t<li class=\"elementor-icon-list-item elementor-inline-item\">\n\t\t\t\t\t\t\t\t\t\t\t<a href=\"https:\/\/www.instagram.com\/lapipafilms?utm_source=ig_web_button_share_sheet&#038;igsh=ZDNlZDc0MzIxNw==\" target=\"_blank\">\n\n\t\t\t\t\t\t\t\t\t\t\t\t<span class=\"elementor-icon-list-icon\">\n\t\t\t\t\t\t\t<svg aria-hidden=\"true\" class=\"e-font-icon-svg e-fab-instagram\" viewBox=\"0 0 448 512\" xmlns=\"http:\/\/www.w3.org\/2000\/svg\"><path d=\"M224.1 141c-63.6 0-114.9 51.3-114.9 114.9s51.3 114.9 114.9 114.9S339 319.5 339 255.9 287.7 141 224.1 141zm0 189.6c-41.1 0-74.7-33.5-74.7-74.7s33.5-74.7 74.7-74.7 74.7 33.5 74.7 74.7-33.6 74.7-74.7 74.7zm146.4-194.3c0 14.9-12 26.8-26.8 26.8-14.9 0-26.8-12-26.8-26.8s12-26.8 26.8-26.8 26.8 12 26.8 26.8zm76.1 27.2c-1.7-35.9-9.9-67.7-36.2-93.9-26.2-26.2-58-34.4-93.9-36.2-37-2.1-147.9-2.1-184.9 0-35.8 1.7-67.6 9.9-93.9 36.1s-34.4 58-36.2 93.9c-2.1 37-2.1 147.9 0 184.9 1.7 35.9 9.9 67.7 36.2 93.9s58 34.4 93.9 36.2c37 2.1 147.9 2.1 184.9 0 35.9-1.7 67.7-9.9 93.9-36.2 26.2-26.2 34.4-58 36.2-93.9 2.1-37 2.1-147.8 0-184.8zM398.8 388c-7.8 19.6-22.9 34.7-42.6 42.6-29.5 11.7-99.5 9-132.1 9s-102.7 2.6-132.1-9c-19.6-7.8-34.7-22.9-42.6-42.6-11.7-29.5-9-99.5-9-132.1s-2.6-102.7 9-132.1c7.8-19.6 22.9-34.7 42.6-42.6 29.5-11.7 99.5-9 132.1-9s102.7-2.6 132.1 9c19.6 7.8 34.7 22.9 42.6 42.6 11.7 29.5 9 99.5 9 132.1s2.7 102.7-9 132.1z\"><\/path><\/svg>\t\t\t\t\t\t<\/span>\n\t\t\t\t\t\t\t\t\t\t<span class=\"elementor-icon-list-text\"><\/span>\n\t\t\t\t\t\t\t\t\t\t\t<\/a>\n\t\t\t\t\t\t\t\t\t<\/li>\n\t\t\t\t\t\t\t\t<li class=\"elementor-icon-list-item elementor-inline-item\">\n\t\t\t\t\t\t\t\t\t\t\t<span class=\"elementor-icon-list-icon\">\n\t\t\t\t\t\t\t<svg aria-hidden=\"true\" class=\"e-font-icon-svg e-fab-vimeo\" viewBox=\"0 0 448 512\" xmlns=\"http:\/\/www.w3.org\/2000\/svg\"><path d=\"M403.2 32H44.8C20.1 32 0 52.1 0 76.8v358.4C0 459.9 20.1 480 44.8 480h358.4c24.7 0 44.8-20.1 44.8-44.8V76.8c0-24.7-20.1-44.8-44.8-44.8zM377 180.8c-1.4 31.5-23.4 74.7-66 129.4-44 57.2-81.3 85.8-111.7 85.8-18.9 0-34.8-17.4-47.9-52.3-25.5-93.3-36.4-148-57.4-148-2.4 0-10.9 5.1-25.4 15.2l-15.2-19.6c37.3-32.8 72.9-69.2 95.2-71.2 25.2-2.4 40.7 14.8 46.5 51.7 20.7 131.2 29.9 151 67.6 91.6 13.5-21.4 20.8-37.7 21.8-48.9 3.5-33.2-25.9-30.9-45.8-22.4 15.9-52.1 46.3-77.4 91.2-76 33.3.9 49 22.5 47.1 64.7z\"><\/path><\/svg>\t\t\t\t\t\t<\/span>\n\t\t\t\t\t\t\t\t\t\t<span class=\"elementor-icon-list-text\"><\/span>\n\t\t\t\t\t\t\t\t\t<\/li>\n\t\t\t\t\t\t<\/ul>\n\t\t\t\t\t\t<\/div>\n\t\t\t\t<\/div>\n\t\t\t\t<\/div>\n\t\t\t\t\t<\/div>\n\t\t\t\t<\/header>\n\t\t\t\t<\/div>\n\t\t","protected":false},"excerpt":{"rendered":"<p>Guion y Direcci\u00f3n: Carlos Soler S\u00e1nchez\u00a0 G\u00e9nero: Drama Formato: Cortometraje Duraci\u00f3n: 12&#8242; Idioma: Espa\u00f1ol Pa\u00eds: Espa\u00f1a A\u00f1o: 2025 Producci\u00f3n: LAPIPA Distribuci\u00f3n: 2025 Marcos, un joven de 24 a\u00f1os, desea revisitar una relaci\u00f3n de su pasado por la que ten\u00eda mucha dependecia. Su amigo Adri\u00e1n y, en especial Raquel, har\u00e1n lo posible por convencerle de lo [&hellip;]<\/p>\n","protected":false},"author":1,"featured_media":0,"parent":0,"menu_order":0,"comment_status":"closed","ping_status":"closed","template":"","meta":{"footnotes":""},"class_list":["post-573","page","type-page","status-publish","hentry"],"_links":{"self":[{"href":"https:\/\/lapipafilms.com\/index.php\/wp-json\/wp\/v2\/pages\/573","targetHints":{"allow":["GET"]}}],"collection":[{"href":"https:\/\/lapipafilms.com\/index.php\/wp-json\/wp\/v2\/pages"}],"about":[{"href":"https:\/\/lapipafilms.com\/index.php\/wp-json\/wp\/v2\/types\/page"}],"author":[{"embeddable":true,"href":"https:\/\/lapipafilms.com\/index.php\/wp-json\/wp\/v2\/users\/1"}],"replies":[{"embeddable":true,"href":"https:\/\/lapipafilms.com\/index.php\/wp-json\/wp\/v2\/comments?post=573"}],"version-history":[{"count":6,"href":"https:\/\/lapipafilms.com\/index.php\/wp-json\/wp\/v2\/pages\/573\/revisions"}],"predecessor-version":[{"id":636,"href":"https:\/\/lapipafilms.com\/index.php\/wp-json\/wp\/v2\/pages\/573\/revisions\/636"}],"wp:attachment":[{"href":"https:\/\/lapipafilms.com\/index.php\/wp-json\/wp\/v2\/media?parent=573"}],"curies":[{"name":"wp","href":"https:\/\/api.w.org\/{rel}","templated":true}]}}